{"id":3,"date":"2023-08-02T11:04:56","date_gmt":"2023-08-02T09:04:56","guid":{"rendered":"https:\/\/amdt-demenagement.com\/\/?page_id=3"},"modified":"2023-11-05T15:54:25","modified_gmt":"2023-11-05T14:54:25","slug":"politique-de-confidentialite","status":"publish","type":"page","link":"https:\/\/amdt-demenagement.com\/en\/politique-de-confidentialite\/","title":{"rendered":"Privacy Policy"},"content":{"rendered":"<div data-elementor-type=\"wp-page\" data-elementor-id=\"3\" class=\"elementor elementor-3\" data-elementor-post-type=\"page\">\n\t\t\t\t<div class=\"elementor-element elementor-element-6ccaef2e e-flex e-con-boxed e-con e-parent\" data-id=\"6ccaef2e\" data-element_type=\"container\">\n\t\t\t\t\t<div class=\"e-con-inner\">\n\t\t\t\t<div class=\"elementor-element elementor-element-73e362fa elementor-widget elementor-widget-text-editor\" data-id=\"73e362fa\" data-element_type=\"widget\" data-widget_type=\"text-editor.default\">\n\t\t\t\t<div class=\"elementor-widget-container\">\n\t\t\t\t\t\t\t<!-- wp:paragraph -->\n<h3>Definitions<\/h3>\n<p class=\"translation-block\">Publisher: The individual, whether a natural person or a legal entity, who publishes the online communication services.<br>\n\nWebsite: The collection of websites, web pages, and online services offered by the Publisher.<br>\n\nUser: The individual using the Website and its services.<\/p>\n<h3><br \/>1- Nature of the data collected<\/h3>\n<p>In the context of using the Sites, the Publisher may collect the following categories of data concerning its Users :<\/p>\n<ul>\n<li>Civil status, identity, identification data...<\/li>\n<li>Connection data (IP addresses, event logs...)<\/li>\n<\/ul>\n<h3><br \/>2- Communication of personal data to third parties<\/h3>\n<p>Your data is not subject to any communication to third parties. However, please note that they may be disclosed in accordance with a law, regulation, or by decision of a competent regulatory or judicial authority.<\/p>\n<h3><br \/>3- Prior notification for the communication of personal data to third parties in case of merger\/acquisition<\/h3>\n<p class=\"translation-block\"><strong>Prior notice and opt-out opportunity before and after merger\/acquisition<\/strong><br>In the event that we participate in a merger, acquisition, or any other form of asset transfer, we commit to ensuring the confidentiality of your personal data and informing you before such data is transferred or subjected to new privacy policies.<\/p>\n<h3><br \/>4- Aggregation of data<\/h3>\n<p class=\"translation-block\"><strong>Aggregation with non-personal data<\/strong><br>\nWe may publish, disclose, and use aggregated information (information about all our Users or specific groups or categories of Users that we combine in such a way that an individual User cannot be identified or referenced) and non-personal information for sector and market analysis, demographic profiling, promotional and advertising purposes, and other commercial purposes.<\/p>\n<p class=\"translation-block\"><strong>Aggregation with personal data available on User's social accounts :<\/strong><br>\nIf you connect your account to an account of another service in order to cross-post, that service may provide us with your profile information, login details, as well as any other information you have authorized for disclosure. We may aggregate information relating to all our other Users, groups, accounts, with the personal data available on the User.<\/p>\n<h3><br \/>5- Collection of identity data<\/h3>\n<p class=\"translation-block\"><strong>Free consultation<\/strong><br>\nBrowsing the Site does not require prior registration or identification. It can be done without you providing any personal data (name, first name, address, etc.). We do not record any personal data for simply browsing the Site.<\/p>\n<h3><br \/>6- Collection of identification data<\/h3>\n<p class=\"translation-block\"><strong>Use of User ID for matching and commercial offers<\/strong><br>We use your electronic identifiers to search for existing connections via email address or other services. Your contact information may be used to enable others to find your account, including through third-party services and client applications. You can upload your address book so that we can help you find acquaintances on our network or allow other users of our network to find you. We may offer suggestions to you and other network users based on contacts imported from your address book. We may also collaborate with companies offering incentive offers. To support this type of promotion and incentive offer, we may share your electronic identifier.<\/p>\n<h3><br \/>7- Geolocation<\/h3>\n<p class=\"translation-block\"><strong>Geolocation for service provision<\/strong><br>We collect and process your geolocation data to provide our services. We may use personal data to determine your real-time geographic location. In accordance with your right to object as provided by Law No. 78-17 of January 6, 1978, relating to data processing, files, and freedoms, you have the option, at any time, to disable geolocation functions.<\/p>\n<p class=\"translation-block\"><strong>Geolocation for cross-referencing purposes<\/strong><br>\nWe collect and process your geolocation data to allow our services to identify points of intersection in time and space with other Users of the service in order to present you with profiles of intersected Users. In accordance with your right of opposition provided by the law n\u00b078-17 of January 6, 1978 relating to data processing, files, and freedoms, you have the possibility, at any time, to deactivate geolocation functions. You acknowledge that the service will then be unable to present you with profiles of other Users.<\/p>\n<p class=\"translation-block\"><strong>Geolocation with provision to partners for referencing and aggregation<\/strong> <strong>(with opt-in)<\/strong><br>\nWe may collect and process your geolocation data with our partners. We undertake to anonymize the data used. In accordance with your right to object provided for by law n\u00b078-17 of January 6, 1978 relating to data processing, files, and freedoms, you have the possibility, at any time, to deactivate geolocation functions.<\/p>\n<h3><br \/>8- Collection of terminal data<\/h3>\n<p class=\"translation-block\"><strong>Collection of profiling data and technical data for service provision<\/strong><br>Some of your device's technical data is collected automatically by the Site. This information includes your IP address, internet service provider, hardware configuration, software configuration, browser type and language... The collection of this data is necessary for the provision of services.<\/p>\n<p class=\"translation-block\"><strong>Collection of technical data for advertising, commercial, and statistical purposes<\/strong><br>\nTechnical data from your device is automatically collected and stored by the Site for advertising, commercial, and statistical purposes. This information helps us personalize and continuously improve your experience on our Site. We do not collect or store any personally identifiable information (such as name, address, etc.) that may be associated with technical data. The collected data may be resold to third parties.<\/p>\n<h3>9- Cookies<\/h3>\n<p class=\"translation-block\"><strong>Cookie storage duration<\/strong><br>\nIn accordance with CNIL recommendations, the maximum storage duration for cookies is 13 months from their initial deposit in the User's terminal, as is the validity period of the User's consent to the use of these cookies. The lifespan of cookies is not extended with each visit. Therefore, the User's consent must be renewed after this period.<\/p>\n<p class=\"translation-block\"><strong>Cookie purpose<\/strong><br>\nCookies may be used for statistical purposes, notably to optimize services provided to the User, based on the processing of information regarding access frequency, page customization, operations performed, and information consulted.<br>\nYou are informed that the Publisher may place cookies on your terminal. The cookie records information related to navigation on the service (pages visited, date and time of consultation...) that we may read during your subsequent visits.<\/p>\n<p class=\"translation-block\"><strong>User's right to refuse cookies<\/strong><br>\nYou acknowledge that you have been informed that the Publisher may use cookies. If you do not wish for cookies to be used on your terminal, most browsers allow you to disable cookies through the settings options.<\/p>\n<h3><br \/>10- Conservation of technical data<\/h3>\n<p class=\"translation-block\"><strong>Duration of technical data storage<\/strong><br>\nTechnical data is retained for the duration strictly necessary to achieve the purposes outlined above.<\/p>\n<h3><br \/>11- Duration of personal data retention and anonymization<\/h3>\n<p class=\"translation-block\"><strong>Retention of data for the duration of the contractual relationship<\/strong><br>\nIn accordance with Article 6-5\u00b0 of Law No. 78-17 of January 6, 1978, relating to data processing, files, and freedoms, personal data undergoing processing shall not be retained beyond the time necessary for the performance of obligations defined at the time of contract conclusion or for the predefined duration of the contractual relationship.<\/p>\n<p class=\"translation-block\"><strong>Retention of anonymized data beyond the contractual relationship \/ after account deletion<\/strong><br>\nWe retain personal data for the strictly necessary duration to achieve the purposes described in this Privacy Policy. Beyond this period, they will be anonymized and kept solely for statistical purposes and will not be exploited in any way.<\/p>\n<p class=\"translation-block\"><strong>Data deletion after account deletion<\/strong><br>\nData purging mechanisms are implemented to ensure effective deletion as soon as the retention or archiving period necessary for the accomplishment of the determined or imposed purposes is reached. In accordance with the law n\u00b078-17 of January 6, 1978 relating to data processing, files, and freedoms, you also have a right to delete your data which you can exercise at any time by contacting the Publisher.<\/p>\n<p class=\"translation-block\"><strong>Data deletion after 3 years of inactivity<\/strong><br>\nFor security reasons, if you have not authenticated yourself on the Site for a period of three years, you will receive an email inviting you to log in as soon as possible, otherwise your data will be deleted from our databases.<\/p>\n<h3><br \/>12- Account deletion<\/h3>\n<p class=\"translation-block\"><strong>Account deletion upon request<\/strong><br>\nThe User has the option to delete their Account at any time, either by a simple request to the Publisher OR through the Account deletion menu in the Account settings, if available.<\/p>\n<p class=\"translation-block\"><strong>Account deletion in case of privacy policy violation<\/strong><br>\nIn the event of a breach of one or more provisions of the Privacy Policy or any other document incorporated herein by reference, the Publisher reserves the right to terminate or restrict, without any prior notice and at its sole discretion, your use and access to the services, your account, and all the Sites.<\/p>\n<h3><br \/>13- Indications in case of security breach detected by the Publisher<\/h3>\n<p class=\"translation-block\"><strong>User information in case of security breach<\/strong><br>\nWe are committed to implementing all appropriate technical and organizational measures to ensure a level of security adapted to the risks of accidental, unauthorized, or unlawful access, disclosure, alteration, loss, or destruction of your personal data. In the event that we become aware of illegal access to your personal data stored on our servers or those of our service providers, or unauthorized access resulting in the risks identified above, we undertake to:<\/p>\n<ul>\n<li>Notify you of the incident as soon as possible ;<\/li>\n<li>Investigate the causes of the incident and inform you about them ;<\/li>\n<li>Take necessary measures within reasonable limits to mitigate the negative effects<br \/>and damages that may result from said incident.<\/li>\n<\/ul>\n<p class=\"translation-block\"><strong><br>Limitation of liability<\/strong><br>\nUnder no circumstances shall the commitments defined in the above point regarding notification in the event of a security breach be construed as an acknowledgment of fault or liability regarding the occurrence of the incident in question.<\/p>\n<h3><br \/>14- Transfer of personal data abroad<\/h3>\n<p class=\"translation-block\"><strong>No Transfer Outside the European Union<\/strong><br>\nThe Publisher undertakes not to transfer the personal data of its Users outside the European Union.\nLink to CNIL's page on data protection worldwide : <br>https:\/\/www.cnil.fr\/fr\/la-protection-des-donnees-dans-le-mondehttps:\/\/www.cnil.fr\/fr\/la-protectiondes-donnees-dans-le-monde<\/p>\n<h3><br \/>15- Modification of the privacy policy<\/h3>\n<p>In case of modification of this Privacy Policy, we commit not to substantially lower the level of confidentiality without prior notification to the individuals concerned. We undertake to inform you in the event of a substantial modification of this Privacy Policy, and not to substantially lower the level of confidentiality of your data without informing you and obtaining your consent.<\/p>\n<h3><br \/>16- Applicable law and recourse procedures<\/h3>\n<p class=\"translation-block\"><strong>Arbitration clause<\/strong><br>You expressly agree that any dispute arising out of or relating to this Privacy Policy, including its interpretation or execution, shall be subject to arbitration proceedings under the rules of the arbitration platform chosen by mutual agreement, to which you shall adhere without reservation.<\/p>\n<h3><br \/>17- Data portability<\/h3>\n<p class=\"translation-block\"><strong>Data portability<\/strong><br>\nThe Publisher undertakes to provide you with the opportunity to have all data concerning you returned to you upon simple request. The User is thus guaranteed better control of their data and retains the possibility of reusing it. This data must be provided in an open and easily reusable format.<\/p>\n<!-- \/wp:paragraph -->\t\t\t\t\t\t<\/div>\n\t\t\t\t<\/div>\n\t\t\t\t\t<\/div>\n\t\t\t\t<\/div>\n\t\t\t\t<\/div>","protected":false},"excerpt":{"rendered":"<p>D\u00e9finitions L&rsquo;\u00c9diteur : La personne, physique ou morale, qui \u00e9dite les services de communication au public en ligne.Le Site : L&rsquo;ensemble des sites, pages Internet et services en ligne propos\u00e9s par l&rsquo;\u00c9diteur.L&rsquo;Utilisateur : La personne utilisant le Site et les services. 1- Nature des donn\u00e9es collect\u00e9es Dans le cadre de l&rsquo;utilisation des Sites, l&rsquo;\u00c9diteur est [&hellip;]<\/p>","protected":false},"author":2,"featured_media":0,"parent":0,"menu_order":0,"comment_status":"closed","ping_status":"open","template":"","meta":{"footnotes":""},"class_list":["post-3","page","type-page","status-publish","hentry"],"yoast_head":"<!-- This site is optimized with the Yoast SEO plugin v25.3 - https:\/\/yoast.com\/wordpress\/plugins\/seo\/ -->\n<title>Politique de confidentialit\u00e9 - AMDT - D\u00e9m\u00e9nagement<\/title>\n<meta name=\"robots\" content=\"index, follow, max-snippet:-1, max-image-preview:large, max-video-preview:-1\" \/>\n<link rel=\"canonical\" href=\"https:\/\/amdt-demenagement.com\/en\/politique-de-confidentialite\/\" \/>\n<meta property=\"og:locale\" content=\"en_GB\" \/>\n<meta property=\"og:type\" content=\"article\" \/>\n<meta property=\"og:title\" content=\"Politique de confidentialit\u00e9 - AMDT - D\u00e9m\u00e9nagement\" \/>\n<meta property=\"og:description\" content=\"D\u00e9finitions L&rsquo;\u00c9diteur : La personne, physique ou morale, qui \u00e9dite les services de communication au public en ligne.Le Site : L&rsquo;ensemble des sites, pages Internet et services en ligne propos\u00e9s par l&rsquo;\u00c9diteur.L&rsquo;Utilisateur : La personne utilisant le Site et les services. 1- Nature des donn\u00e9es collect\u00e9es Dans le cadre de l&rsquo;utilisation des Sites, l&rsquo;\u00c9diteur est [&hellip;]\" \/>\n<meta property=\"og:url\" content=\"https:\/\/amdt-demenagement.com\/en\/politique-de-confidentialite\/\" \/>\n<meta property=\"og:site_name\" content=\"AMDT - D\u00e9m\u00e9nagement\" \/>\n<meta property=\"article:modified_time\" content=\"2023-11-05T14:54:25+00:00\" \/>\n<meta name=\"twitter:card\" content=\"summary_large_image\" \/>\n<meta name=\"twitter:label1\" content=\"Estimated reading time\" \/>\n\t<meta name=\"twitter:data1\" content=\"11 minutes\" \/>\n<script type=\"application\/ld+json\" class=\"yoast-schema-graph\">{\"@context\":\"https:\/\/schema.org\",\"@graph\":[{\"@type\":\"WebPage\",\"@id\":\"https:\/\/amdt-demenagement.com\/politique-de-confidentialite\/\",\"url\":\"https:\/\/amdt-demenagement.com\/politique-de-confidentialite\/\",\"name\":\"Politique de confidentialit\u00e9 - AMDT - D\u00e9m\u00e9nagement\",\"isPartOf\":{\"@id\":\"https:\/\/amdt-demenagement.com\/#website\"},\"datePublished\":\"2023-08-02T09:04:56+00:00\",\"dateModified\":\"2023-11-05T14:54:25+00:00\",\"inLanguage\":\"en-GB\",\"potentialAction\":[{\"@type\":\"ReadAction\",\"target\":[\"https:\/\/amdt-demenagement.com\/politique-de-confidentialite\/\"]}]},{\"@type\":\"WebSite\",\"@id\":\"https:\/\/amdt-demenagement.com\/#website\",\"url\":\"https:\/\/amdt-demenagement.com\/\",\"name\":\"AMDT - D\u00e9m\u00e9nagement\",\"description\":\"Sp\u00e9cialiste du d\u00e9m\u00e9nagement international dans le Lot et Garonne\",\"publisher\":{\"@id\":\"https:\/\/amdt-demenagement.com\/#organization\"},\"potentialAction\":[{\"@type\":\"SearchAction\",\"target\":{\"@type\":\"EntryPoint\",\"urlTemplate\":\"https:\/\/amdt-demenagement.com\/?s={search_term_string}\"},\"query-input\":{\"@type\":\"PropertyValueSpecification\",\"valueRequired\":true,\"valueName\":\"search_term_string\"}}],\"inLanguage\":\"en-GB\"},{\"@type\":\"Organization\",\"@id\":\"https:\/\/amdt-demenagement.com\/#organization\",\"name\":\"AMDT - D\u00e9m\u00e9nagement\",\"url\":\"https:\/\/amdt-demenagement.com\/\",\"logo\":{\"@type\":\"ImageObject\",\"inLanguage\":\"en-GB\",\"@id\":\"https:\/\/amdt-demenagement.com\/#\/schema\/logo\/image\/\",\"url\":\"https:\/\/amdt-demenagement.com\/wp-content\/uploads\/2023\/08\/amdt-white-color.png\",\"contentUrl\":\"https:\/\/amdt-demenagement.com\/wp-content\/uploads\/2023\/08\/amdt-white-color.png\",\"width\":251,\"height\":111,\"caption\":\"AMDT - D\u00e9m\u00e9nagement\"},\"image\":{\"@id\":\"https:\/\/amdt-demenagement.com\/#\/schema\/logo\/image\/\"}}]}<\/script>\n<!-- \/ Yoast SEO plugin. -->","yoast_head_json":{"title":"Politique de confidentialit\u00e9 - AMDT - D\u00e9m\u00e9nagement","robots":{"index":"index","follow":"follow","max-snippet":"max-snippet:-1","max-image-preview":"max-image-preview:large","max-video-preview":"max-video-preview:-1"},"canonical":"https:\/\/amdt-demenagement.com\/en\/politique-de-confidentialite\/","og_locale":"en_GB","og_type":"article","og_title":"Politique de confidentialit\u00e9 - AMDT - D\u00e9m\u00e9nagement","og_description":"D\u00e9finitions L&rsquo;\u00c9diteur : La personne, physique ou morale, qui \u00e9dite les services de communication au public en ligne.Le Site : L&rsquo;ensemble des sites, pages Internet et services en ligne propos\u00e9s par l&rsquo;\u00c9diteur.L&rsquo;Utilisateur : La personne utilisant le Site et les services. 1- Nature des donn\u00e9es collect\u00e9es Dans le cadre de l&rsquo;utilisation des Sites, l&rsquo;\u00c9diteur est [&hellip;]","og_url":"https:\/\/amdt-demenagement.com\/en\/politique-de-confidentialite\/","og_site_name":"AMDT - D\u00e9m\u00e9nagement","article_modified_time":"2023-11-05T14:54:25+00:00","twitter_card":"summary_large_image","twitter_misc":{"Estimated reading time":"11 minutes"},"schema":{"@context":"https:\/\/schema.org","@graph":[{"@type":"WebPage","@id":"https:\/\/amdt-demenagement.com\/politique-de-confidentialite\/","url":"https:\/\/amdt-demenagement.com\/politique-de-confidentialite\/","name":"Politique de confidentialit\u00e9 - AMDT - D\u00e9m\u00e9nagement","isPartOf":{"@id":"https:\/\/amdt-demenagement.com\/#website"},"datePublished":"2023-08-02T09:04:56+00:00","dateModified":"2023-11-05T14:54:25+00:00","inLanguage":"en-GB","potentialAction":[{"@type":"ReadAction","target":["https:\/\/amdt-demenagement.com\/politique-de-confidentialite\/"]}]},{"@type":"WebSite","@id":"https:\/\/amdt-demenagement.com\/#website","url":"https:\/\/amdt-demenagement.com\/","name":"AMDT - D\u00e9m\u00e9nagement","description":"Sp\u00e9cialiste du d\u00e9m\u00e9nagement international dans le Lot et Garonne","publisher":{"@id":"https:\/\/amdt-demenagement.com\/#organization"},"potentialAction":[{"@type":"SearchAction","target":{"@type":"EntryPoint","urlTemplate":"https:\/\/amdt-demenagement.com\/?s={search_term_string}"},"query-input":{"@type":"PropertyValueSpecification","valueRequired":true,"valueName":"search_term_string"}}],"inLanguage":"en-GB"},{"@type":"Organization","@id":"https:\/\/amdt-demenagement.com\/#organization","name":"AMDT - D\u00e9m\u00e9nagement","url":"https:\/\/amdt-demenagement.com\/","logo":{"@type":"ImageObject","inLanguage":"en-GB","@id":"https:\/\/amdt-demenagement.com\/#\/schema\/logo\/image\/","url":"https:\/\/amdt-demenagement.com\/wp-content\/uploads\/2023\/08\/amdt-white-color.png","contentUrl":"https:\/\/amdt-demenagement.com\/wp-content\/uploads\/2023\/08\/amdt-white-color.png","width":251,"height":111,"caption":"AMDT - D\u00e9m\u00e9nagement"},"image":{"@id":"https:\/\/amdt-demenagement.com\/#\/schema\/logo\/image\/"}}]}},"_links":{"self":[{"href":"https:\/\/amdt-demenagement.com\/en\/wp-json\/wp\/v2\/pages\/3","targetHints":{"allow":["GET"]}}],"collection":[{"href":"https:\/\/amdt-demenagement.com\/en\/wp-json\/wp\/v2\/pages"}],"about":[{"href":"https:\/\/amdt-demenagement.com\/en\/wp-json\/wp\/v2\/types\/page"}],"author":[{"embeddable":true,"href":"https:\/\/amdt-demenagement.com\/en\/wp-json\/wp\/v2\/users\/2"}],"replies":[{"embeddable":true,"href":"https:\/\/amdt-demenagement.com\/en\/wp-json\/wp\/v2\/comments?post=3"}],"version-history":[{"count":7,"href":"https:\/\/amdt-demenagement.com\/en\/wp-json\/wp\/v2\/pages\/3\/revisions"}],"predecessor-version":[{"id":1660,"href":"https:\/\/amdt-demenagement.com\/en\/wp-json\/wp\/v2\/pages\/3\/revisions\/1660"}],"wp:attachment":[{"href":"https:\/\/amdt-demenagement.com\/en\/wp-json\/wp\/v2\/media?parent=3"}],"curies":[{"name":"wp","href":"https:\/\/api.w.org\/{rel}","templated":true}]}}