{"id":545,"date":"2023-10-06T14:22:12","date_gmt":"2023-10-06T12:22:12","guid":{"rendered":"https:\/\/amdt-demenagement.com\/?page_id=545"},"modified":"2025-02-27T16:39:40","modified_gmt":"2025-02-27T15:39:40","slug":"contact","status":"publish","type":"page","link":"https:\/\/amdt-demenagement.com\/en\/contact\/","title":{"rendered":"Contact us"},"content":{"rendered":"<div data-elementor-type=\"wp-page\" data-elementor-id=\"545\" class=\"elementor elementor-545\" data-elementor-post-type=\"page\">\n\t\t\t\t\t\t<section class=\"elementor-section elementor-top-section elementor-element elementor-element-37053662 elementor-section-content-top elementor-section-boxed elementor-section-height-default elementor-section-height-default\" data-id=\"37053662\" data-element_type=\"section\" data-settings=\"{&quot;background_background&quot;:&quot;classic&quot;}\">\n\t\t\t\t\t\t\t<div class=\"elementor-background-overlay\"><\/div>\n\t\t\t\t\t\t\t<div class=\"elementor-container elementor-column-gap-wider\">\n\t\t\t\t\t<div class=\"elementor-column elementor-col-100 elementor-top-column elementor-element elementor-element-5b854151\" data-id=\"5b854151\" data-element_type=\"column\">\n\t\t\t<div class=\"elementor-widget-wrap elementor-element-populated\">\n\t\t\t\t\t\t<div class=\"elementor-element elementor-element-19c5e7ad elementor-widget elementor-widget-heading\" data-id=\"19c5e7ad\" data-element_type=\"widget\" data-widget_type=\"heading.default\">\n\t\t\t\t<div class=\"elementor-widget-container\">\n\t\t\t<span class=\"elementor-heading-title elementor-size-default\">OUR CONTACT INFORMATION<\/span>\t\t<\/div>\n\t\t\t\t<\/div>\n\t\t\t\t<div class=\"elementor-element elementor-element-41342324 elementor-widget elementor-widget-heading\" data-id=\"41342324\" data-element_type=\"widget\" data-widget_type=\"heading.default\">\n\t\t\t\t<div class=\"elementor-widget-container\">\n\t\t\t<h2 class=\"elementor-heading-title elementor-size-default\">Need further assistance ?<\/h2>\t\t<\/div>\n\t\t\t\t<\/div>\n\t\t\t\t<div class=\"elementor-element elementor-element-d55f575 elementor-widget elementor-widget-heading\" data-id=\"d55f575\" data-element_type=\"widget\" data-widget_type=\"heading.default\">\n\t\t\t\t<div class=\"elementor-widget-container\">\n\t\t\t<span class=\"elementor-heading-title elementor-size-default\">We are here to help you !<\/span>\t\t<\/div>\n\t\t\t\t<\/div>\n\t\t\t\t<section class=\"elementor-section elementor-inner-section elementor-element elementor-element-2626df99 elementor-section-boxed elementor-section-height-default elementor-section-height-default\" data-id=\"2626df99\" data-element_type=\"section\">\n\t\t\t\t\t\t<div class=\"elementor-container elementor-column-gap-wide\">\n\t\t\t\t\t<div class=\"elementor-column elementor-col-33 elementor-inner-column elementor-element elementor-element-66fe91c9\" data-id=\"66fe91c9\" data-element_type=\"column\">\n\t\t\t<div class=\"elementor-widget-wrap elementor-element-populated\">\n\t\t\t\t\t\t<div class=\"elementor-element elementor-element-4c2dfe6 elementor-view-stacked elementor-shape-circle elementor-position-top elementor-mobile-position-top elementor-widget elementor-widget-icon-box\" data-id=\"4c2dfe6\" data-element_type=\"widget\" data-widget_type=\"icon-box.default\">\n\t\t\t\t<div class=\"elementor-widget-container\">\n\t\t\t\t\t<div class=\"elementor-icon-box-wrapper\">\n\n\t\t\t\t\t\t<div class=\"elementor-icon-box-icon\">\n\t\t\t\t<a href=\"https:\/\/www.google.com\/maps\/dir\/\/amdt+demenagement\/data=!4m6!4m5!1m1!4e2!1m2!1m1!1s0x12aa889a872981e1:0x3f67342ec0f8197d?sa=X&#038;ved=2ahUKEwi--KnUkr6AAxX0TKQEHc6ADO0Q9Rd6BAg5EAA&#038;ved=2ahUKEwi--KnUkr6AAxX0TKQEHc6ADO0Q9Rd6BAhCEAU\" class=\"elementor-icon elementor-animation-\" tabindex=\"-1\">\n\t\t\t\t<i aria-hidden=\"true\" class=\"fas fa-map-marker-alt\"><\/i>\t\t\t\t<\/a>\n\t\t\t<\/div>\n\t\t\t\n\t\t\t\t\t\t<div class=\"elementor-icon-box-content\">\n\n\t\t\t\t\t\t\t\t\t<h3 class=\"elementor-icon-box-title\">\n\t\t\t\t\t\t<a href=\"https:\/\/www.google.com\/maps\/dir\/\/amdt+demenagement\/data=!4m6!4m5!1m1!4e2!1m2!1m1!1s0x12aa889a872981e1:0x3f67342ec0f8197d?sa=X&#038;ved=2ahUKEwi--KnUkr6AAxX0TKQEHc6ADO0Q9Rd6BAg5EAA&#038;ved=2ahUKEwi--KnUkr6AAxX0TKQEHc6ADO0Q9Rd6BAhCEAU\" >\n\t\t\t\t\t\t\tAddress\t\t\t\t\t\t<\/a>\n\t\t\t\t\t<\/h3>\n\t\t\t\t\n\t\t\t\t\t\t\t\t\t<p class=\"elementor-icon-box-description translation-block\">AMDT - 350 Route de la Saubole<br>47200 FOURQUES SUR GARONNE - FRANCE<\/p>\n\t\t\t\t\n\t\t\t<\/div>\n\t\t\t\n\t\t<\/div>\n\t\t\t\t<\/div>\n\t\t\t\t<\/div>\n\t\t\t\t\t<\/div>\n\t\t<\/div>\n\t\t\t\t<div class=\"elementor-column elementor-col-33 elementor-inner-column elementor-element elementor-element-4fdfc41f\" data-id=\"4fdfc41f\" data-element_type=\"column\">\n\t\t\t<div class=\"elementor-widget-wrap elementor-element-populated\">\n\t\t\t\t\t\t<div class=\"elementor-element elementor-element-5008701 elementor-view-stacked elementor-shape-circle elementor-position-top elementor-mobile-position-top elementor-widget elementor-widget-icon-box\" data-id=\"5008701\" data-element_type=\"widget\" data-widget_type=\"icon-box.default\">\n\t\t\t\t<div class=\"elementor-widget-container\">\n\t\t\t\t\t<div class=\"elementor-icon-box-wrapper\">\n\n\t\t\t\t\t\t<div class=\"elementor-icon-box-icon\">\n\t\t\t\t<span  class=\"elementor-icon elementor-animation-\">\n\t\t\t\t<i aria-hidden=\"true\" class=\"far fa-clock\"><\/i>\t\t\t\t<\/span>\n\t\t\t<\/div>\n\t\t\t\n\t\t\t\t\t\t<div class=\"elementor-icon-box-content\">\n\n\t\t\t\t\t\t\t\t\t<h3 class=\"elementor-icon-box-title\">\n\t\t\t\t\t\t<span  >\n\t\t\t\t\t\t\tOpening hours\t\t\t\t\t\t<\/span>\n\t\t\t\t\t<\/h3>\n\t\t\t\t\n\t\t\t\t\t\t\t\t\t<p class=\"elementor-icon-box-description translation-block\"><b>From Monday to Thursday :<\/b> 8h - 12h \/ 14h - 18h<br>\n<b>Friday :<\/b> 8h - 12h \/ 14h - 17h<br>\n<b>Saturday \/ Sunday :<\/b> Closed<\/p>\n\t\t\t\t\n\t\t\t<\/div>\n\t\t\t\n\t\t<\/div>\n\t\t\t\t<\/div>\n\t\t\t\t<\/div>\n\t\t\t\t\t<\/div>\n\t\t<\/div>\n\t\t\t\t<div class=\"elementor-column elementor-col-33 elementor-inner-column elementor-element elementor-element-34babf7\" data-id=\"34babf7\" data-element_type=\"column\">\n\t\t\t<div class=\"elementor-widget-wrap elementor-element-populated\">\n\t\t\t\t\t\t<div class=\"elementor-element elementor-element-c2f408a elementor-view-stacked elementor-shape-circle elementor-position-top elementor-mobile-position-top elementor-widget elementor-widget-icon-box\" data-id=\"c2f408a\" data-element_type=\"widget\" data-widget_type=\"icon-box.default\">\n\t\t\t\t<div class=\"elementor-widget-container\">\n\t\t\t\t\t<div class=\"elementor-icon-box-wrapper\">\n\n\t\t\t\t\t\t<div class=\"elementor-icon-box-icon\">\n\t\t\t\t<span  class=\"elementor-icon elementor-animation-\">\n\t\t\t\t<i aria-hidden=\"true\" class=\"fas fa-phone-alt\"><\/i>\t\t\t\t<\/span>\n\t\t\t<\/div>\n\t\t\t\n\t\t\t\t\t\t<div class=\"elementor-icon-box-content\">\n\n\t\t\t\t\t\t\t\t\t<h3 class=\"elementor-icon-box-title\">\n\t\t\t\t\t\t<span  >\n\t\t\t\t\t\t\tContact us\t\t\t\t\t\t<\/span>\n\t\t\t\t\t<\/h3>\n\t\t\t\t\n\t\t\t\t\t\t\t\t\t<p class=\"elementor-icon-box-description\">\n\t\t\t\t\t\t05 53 20 24 24\n<br>contact@amdt-demenagement.com\t\t\t\t\t<\/p>\n\t\t\t\t\n\t\t\t<\/div>\n\t\t\t\n\t\t<\/div>\n\t\t\t\t<\/div>\n\t\t\t\t<\/div>\n\t\t\t\t\t<\/div>\n\t\t<\/div>\n\t\t\t\t\t<\/div>\n\t\t<\/section>\n\t\t\t\t\t<\/div>\n\t\t<\/div>\n\t\t\t\t\t<\/div>\n\t\t<\/section>\n\t\t\t\t<\/div>","protected":false},"excerpt":{"rendered":"<p>NOS COORDONN\u00c9ES Besoin d&rsquo;un renseignement suppl\u00e9mentaire ? Nous sommes \u00e0 votre \u00e9coute ! Adresse AMDT &#8211; 350 Route de la Saubole47200 FOURQUES SUR GARONNE Horaires Du Lundi au Jeudi : 8h &#8211; 12h \/ 14h &#8211; 18h Vendredi : 8h &#8211; 12h \/ 14h &#8211; 17h Samedi \/ Dimanche : Ferm\u00e9 Contact 05 53 20 [&hellip;]<\/p>","protected":false},"author":2,"featured_media":0,"parent":0,"menu_order":0,"comment_status":"closed","ping_status":"closed","template":"","meta":{"footnotes":""},"class_list":["post-545","page","type-page","status-publish","hentry"],"yoast_head":"<!-- This site is optimized with the Yoast SEO plugin v25.3 - https:\/\/yoast.com\/wordpress\/plugins\/seo\/ -->\n<title>Coordonn\u00e9es de contact et adresse - AMDT D\u00e9m\u00e9nagement<\/title>\n<meta name=\"description\" content=\"Vous cherchez \u00e0 contacter AMDT D\u00e9m\u00e9nagement pour votre d\u00e9m\u00e9nagement ? Retrouvez nos coordonn\u00e9es pour discuter de votre projet.\" \/>\n<meta name=\"robots\" content=\"index, follow, max-snippet:-1, max-image-preview:large, max-video-preview:-1\" \/>\n<link rel=\"canonical\" href=\"https:\/\/amdt-demenagement.com\/en\/contact\/\" \/>\n<meta property=\"og:locale\" content=\"en_GB\" \/>\n<meta property=\"og:type\" content=\"article\" \/>\n<meta property=\"og:title\" content=\"Coordonn\u00e9es de contact et adresse - AMDT D\u00e9m\u00e9nagement\" \/>\n<meta property=\"og:description\" content=\"Vous cherchez \u00e0 contacter AMDT D\u00e9m\u00e9nagement pour votre d\u00e9m\u00e9nagement ? Retrouvez nos coordonn\u00e9es pour discuter de votre projet.\" \/>\n<meta property=\"og:url\" content=\"https:\/\/amdt-demenagement.com\/en\/contact\/\" \/>\n<meta property=\"og:site_name\" content=\"AMDT - D\u00e9m\u00e9nagement\" \/>\n<meta property=\"article:modified_time\" content=\"2025-02-27T15:39:40+00:00\" \/>\n<meta name=\"twitter:card\" content=\"summary_large_image\" \/>\n<meta name=\"twitter:label1\" content=\"Estimated reading time\" \/>\n\t<meta name=\"twitter:data1\" content=\"1 minute\" \/>\n<script type=\"application\/ld+json\" class=\"yoast-schema-graph\">{\"@context\":\"https:\/\/schema.org\",\"@graph\":[{\"@type\":\"WebPage\",\"@id\":\"https:\/\/amdt-demenagement.com\/contact\/\",\"url\":\"https:\/\/amdt-demenagement.com\/contact\/\",\"name\":\"Coordonn\u00e9es de contact et adresse - AMDT D\u00e9m\u00e9nagement\",\"isPartOf\":{\"@id\":\"https:\/\/amdt-demenagement.com\/#website\"},\"datePublished\":\"2023-10-06T12:22:12+00:00\",\"dateModified\":\"2025-02-27T15:39:40+00:00\",\"description\":\"Vous cherchez \u00e0 contacter AMDT D\u00e9m\u00e9nagement pour votre d\u00e9m\u00e9nagement ? Retrouvez nos coordonn\u00e9es pour discuter de votre projet.\",\"inLanguage\":\"en-GB\",\"potentialAction\":[{\"@type\":\"ReadAction\",\"target\":[\"https:\/\/amdt-demenagement.com\/contact\/\"]}]},{\"@type\":\"WebSite\",\"@id\":\"https:\/\/amdt-demenagement.com\/#website\",\"url\":\"https:\/\/amdt-demenagement.com\/\",\"name\":\"AMDT - D\u00e9m\u00e9nagement\",\"description\":\"Sp\u00e9cialiste du d\u00e9m\u00e9nagement international dans le Lot et Garonne\",\"publisher\":{\"@id\":\"https:\/\/amdt-demenagement.com\/#organization\"},\"potentialAction\":[{\"@type\":\"SearchAction\",\"target\":{\"@type\":\"EntryPoint\",\"urlTemplate\":\"https:\/\/amdt-demenagement.com\/?s={search_term_string}\"},\"query-input\":{\"@type\":\"PropertyValueSpecification\",\"valueRequired\":true,\"valueName\":\"search_term_string\"}}],\"inLanguage\":\"en-GB\"},{\"@type\":\"Organization\",\"@id\":\"https:\/\/amdt-demenagement.com\/#organization\",\"name\":\"AMDT - D\u00e9m\u00e9nagement\",\"url\":\"https:\/\/amdt-demenagement.com\/\",\"logo\":{\"@type\":\"ImageObject\",\"inLanguage\":\"en-GB\",\"@id\":\"https:\/\/amdt-demenagement.com\/#\/schema\/logo\/image\/\",\"url\":\"https:\/\/amdt-demenagement.com\/wp-content\/uploads\/2023\/08\/amdt-white-color.png\",\"contentUrl\":\"https:\/\/amdt-demenagement.com\/wp-content\/uploads\/2023\/08\/amdt-white-color.png\",\"width\":251,\"height\":111,\"caption\":\"AMDT - D\u00e9m\u00e9nagement\"},\"image\":{\"@id\":\"https:\/\/amdt-demenagement.com\/#\/schema\/logo\/image\/\"}}]}<\/script>\n<!-- \/ Yoast SEO plugin. -->","yoast_head_json":{"title":"Coordonn\u00e9es de contact et adresse - AMDT D\u00e9m\u00e9nagement","description":"Vous cherchez \u00e0 contacter AMDT D\u00e9m\u00e9nagement pour votre d\u00e9m\u00e9nagement ? Retrouvez nos coordonn\u00e9es pour discuter de votre projet.","robots":{"index":"index","follow":"follow","max-snippet":"max-snippet:-1","max-image-preview":"max-image-preview:large","max-video-preview":"max-video-preview:-1"},"canonical":"https:\/\/amdt-demenagement.com\/en\/contact\/","og_locale":"en_GB","og_type":"article","og_title":"Coordonn\u00e9es de contact et adresse - AMDT D\u00e9m\u00e9nagement","og_description":"Vous cherchez \u00e0 contacter AMDT D\u00e9m\u00e9nagement pour votre d\u00e9m\u00e9nagement ? Retrouvez nos coordonn\u00e9es pour discuter de votre projet.","og_url":"https:\/\/amdt-demenagement.com\/en\/contact\/","og_site_name":"AMDT - D\u00e9m\u00e9nagement","article_modified_time":"2025-02-27T15:39:40+00:00","twitter_card":"summary_large_image","twitter_misc":{"Estimated reading time":"1 minute"},"schema":{"@context":"https:\/\/schema.org","@graph":[{"@type":"WebPage","@id":"https:\/\/amdt-demenagement.com\/contact\/","url":"https:\/\/amdt-demenagement.com\/contact\/","name":"Coordonn\u00e9es de contact et adresse - AMDT D\u00e9m\u00e9nagement","isPartOf":{"@id":"https:\/\/amdt-demenagement.com\/#website"},"datePublished":"2023-10-06T12:22:12+00:00","dateModified":"2025-02-27T15:39:40+00:00","description":"Vous cherchez \u00e0 contacter AMDT D\u00e9m\u00e9nagement pour votre d\u00e9m\u00e9nagement ? Retrouvez nos coordonn\u00e9es pour discuter de votre projet.","inLanguage":"en-GB","potentialAction":[{"@type":"ReadAction","target":["https:\/\/amdt-demenagement.com\/contact\/"]}]},{"@type":"WebSite","@id":"https:\/\/amdt-demenagement.com\/#website","url":"https:\/\/amdt-demenagement.com\/","name":"AMDT - D\u00e9m\u00e9nagement","description":"Sp\u00e9cialiste du d\u00e9m\u00e9nagement international dans le Lot et Garonne","publisher":{"@id":"https:\/\/amdt-demenagement.com\/#organization"},"potentialAction":[{"@type":"SearchAction","target":{"@type":"EntryPoint","urlTemplate":"https:\/\/amdt-demenagement.com\/?s={search_term_string}"},"query-input":{"@type":"PropertyValueSpecification","valueRequired":true,"valueName":"search_term_string"}}],"inLanguage":"en-GB"},{"@type":"Organization","@id":"https:\/\/amdt-demenagement.com\/#organization","name":"AMDT - D\u00e9m\u00e9nagement","url":"https:\/\/amdt-demenagement.com\/","logo":{"@type":"ImageObject","inLanguage":"en-GB","@id":"https:\/\/amdt-demenagement.com\/#\/schema\/logo\/image\/","url":"https:\/\/amdt-demenagement.com\/wp-content\/uploads\/2023\/08\/amdt-white-color.png","contentUrl":"https:\/\/amdt-demenagement.com\/wp-content\/uploads\/2023\/08\/amdt-white-color.png","width":251,"height":111,"caption":"AMDT - D\u00e9m\u00e9nagement"},"image":{"@id":"https:\/\/amdt-demenagement.com\/#\/schema\/logo\/image\/"}}]}},"_links":{"self":[{"href":"https:\/\/amdt-demenagement.com\/en\/wp-json\/wp\/v2\/pages\/545","targetHints":{"allow":["GET"]}}],"collection":[{"href":"https:\/\/amdt-demenagement.com\/en\/wp-json\/wp\/v2\/pages"}],"about":[{"href":"https:\/\/amdt-demenagement.com\/en\/wp-json\/wp\/v2\/types\/page"}],"author":[{"embeddable":true,"href":"https:\/\/amdt-demenagement.com\/en\/wp-json\/wp\/v2\/users\/2"}],"replies":[{"embeddable":true,"href":"https:\/\/amdt-demenagement.com\/en\/wp-json\/wp\/v2\/comments?post=545"}],"version-history":[{"count":80,"href":"https:\/\/amdt-demenagement.com\/en\/wp-json\/wp\/v2\/pages\/545\/revisions"}],"predecessor-version":[{"id":2047,"href":"https:\/\/amdt-demenagement.com\/en\/wp-json\/wp\/v2\/pages\/545\/revisions\/2047"}],"wp:attachment":[{"href":"https:\/\/amdt-demenagement.com\/en\/wp-json\/wp\/v2\/media?parent=545"}],"curies":[{"name":"wp","href":"https:\/\/api.w.org\/{rel}","templated":true}]}}