{"id":6,"date":"2023-08-02T11:58:30","date_gmt":"2023-08-02T09:58:30","guid":{"rendered":"https:\/\/amdt-demenagement.com\/\/?page_id=6"},"modified":"2023-11-02T10:04:45","modified_gmt":"2023-11-02T09:04:45","slug":"mentions-legales","status":"publish","type":"page","link":"https:\/\/amdt-demenagement.com\/en\/mentions-legales\/","title":{"rendered":"Legal notices"},"content":{"rendered":"<div data-elementor-type=\"wp-post\" data-elementor-id=\"6\" class=\"elementor elementor-6\" data-elementor-post-type=\"page\">\n\t\t\t\t\t\t<section class=\"elementor-section elementor-top-section elementor-element elementor-element-ef6ab43 elementor-section-boxed elementor-section-height-default elementor-section-height-default\" data-id=\"ef6ab43\" data-element_type=\"section\">\n\t\t\t\t\t\t<div class=\"elementor-container elementor-column-gap-default\">\n\t\t\t\t\t<div class=\"elementor-column elementor-col-100 elementor-top-column elementor-element elementor-element-ee98503\" data-id=\"ee98503\" data-element_type=\"column\">\n\t\t\t<div class=\"elementor-widget-wrap elementor-element-populated\">\n\t\t\t\t\t\t<div class=\"elementor-element elementor-element-f3994df elementor-widget elementor-widget-text-editor\" data-id=\"f3994df\" data-element_type=\"widget\" data-widget_type=\"text-editor.default\">\n\t\t\t\t<div class=\"elementor-widget-container\">\n\t\t\t\t\t\t\t<h3>1. Legal information<\/h3><p>In accordance with the provisions of articles 6-III and 19 of the Law for Confidence in the Digital Economy, we inform you that :<\/p><ul><li>Email address :\u00a0<a title=\"\" href=\"mailto:contact@amdt-demenagement.com\" data-original-title=\"\">contact@amdt-demenagement.com<\/a>\u00a0&#8211; T\u00e9l.\u00b7:\u00a0+33(0)5 53 20 24 24<\/li><li>The director of publication of the website \"amdt-demenagement.com\" is Mr. Antoine C\u00e9dric.<\/li><li class=\"translation-block\">The service provider ensuring direct and permanent storage is : <br>Cocoricom<br>60 Rue de la R\u00e9publique, 47230 Barbaste - FRANCE<br>T\u00e9l.\u00b7: <a href=\"https:\/\/www.google.com\/search?q=cocoricom&amp;rlz=1C5CHFA_enFR1069FR1069&amp;oq=cocoricom&amp;aqs=chrome.0.0i355i512j46i175i199i512j0i10i15i30j69i60l3j69i61.2565j1j7&amp;sourceid=chrome&amp;ie=UTF-8#\" data-dtype=\"d3ph\" data-local-attribute=\"d3ph\" data-ved=\"2ahUKEwjv0YrD3LiBAxX6VKQEHUGDCusQkAgoAHoECEIQAw\" target=\"_self\"><span aria-label=\"Appeler le 05 33 06 06 33\">05 33 06 06 33<\/span><\/a><\/li><\/ul><h3>2. Limitation of liability<\/h3><p>The user acknowledges having read these terms of use and agrees to abide by them.<\/p><p>The user of the website \"amdt-demenagement.com\" acknowledges having the necessary competence and means to access and use this site.<\/p><p>The user of the website \"amdt-demenagement.com\" acknowledges having verified that the computer configuration used contains no viruses and is in perfect working order.<\/p><p>AMDT D\u00e9m\u00e9nagement makes every effort to provide users with information and\/or tools that are available and verified, but cannot be held responsible for errors, the unavailability of features, and\/or the presence of viruses on its site.<\/p><p>The information provided by AMDT D\u00e9m\u00e9nagement is for informational purposes only and does not exempt the user from further analysis and personalized review.<\/p><p>AMDT D\u00e9m\u00e9nagement cannot guarantee the accuracy, completeness, or timeliness of the information provided on its site.<\/p><p>Consequently, the user acknowledges using this information under their sole responsibility.<\/p><h3>3. Data protection and freedom of information<\/h3><p>The automated processing of personal data carried out from the website \"amdt-demenagement.com\" has been conducted in accordance with the requirements of Law No. 78-17 of January 6, 1978, as amended, relating to information technology, files, and freedoms.<\/p><p>The user is notably informed that, in accordance with Article 32 of Law No. 78-17 of January 6, 1978, as amended, relating to information technology, files, and freedoms, the information communicated through the forms on the website is necessary to respond to their request and is intended for AMDT D\u00e9m\u00e9nagement, as the data controller, for administrative and commercial management purposes.<\/p><p>The user is informed that they have the right to access, query, and rectify, if necessary, any personal data concerning them that is inaccurate, incomplete, ambiguous, outdated, or prohibited from collection, use, communication, or retention.<\/p><p>The user also has the right to object to the processing of their data for legitimate reasons, as well as the right to object to their data being used for commercial prospecting purposes.<\/p><p>All of these rights can be exercised by contacting AMDT D\u00e9m\u00e9nagement by mail, accompanied by a copy of an identity document with a signature, to be sent to :<\/p><blockquote><p>AMDT d\u00e9m\u00e9nagement<br \/>Z.A. La Saubole<br \/>47200 Fourques sur Garonne<br \/>France<\/p><\/blockquote><h3>4. Cookies<\/h3><p>The user is informed that during their visits to the site, a cookie may be automatically installed on their browsing software.<br \/>The cookie is a data block that does not allow users to be identified but is used to record information regarding their navigation on the site.<br \/>The browser software settings can inform users of the presence of cookies and, if desired, allow them to refuse cookies as described at the following address.<\/p><p>The user has all the aforementioned rights regarding personal data communicated via cookies under the conditions indicated above.<\/p><p>Users of the website \"amdt-demenagement.com\" are required to comply with the provisions of Law No. 78-17 of January 6, 1978, as amended, relating to information technology, files, and freedoms, violation of which is punishable by criminal penalties.<\/p><p>They must refrain from collecting, using inappropriately, or engaging in any acts that could infringe upon the privacy or reputation of individuals concerning personal information they access or may access.<\/p><h3>5. Intellectual Property<\/h3><p>The general structure as well as the software, texts, images whether animated or not, know-how, and all other elements of the site are the exclusive property of AMDT d\u00e9m\u00e9nagement.<\/p><p>Any total or partial representation of this site by any person whatsoever, without the express authorization of AMDT d\u00e9m\u00e9nagement, is prohibited and would constitute an infringement punishable by articles L. 335-2 and following of the Intellectual Property Code.<\/p><p>The same applies to databases, if any, on the website, which are protected by the provisions of the law of July 1, 1998 transposing into the Intellectual Property Code the directive of March 11, 1996 relating to the legal protection of databases, of which AMDT d\u00e9m\u00e9nagement is the producer.<\/p><p>AMDT D\u00e9m\u00e9nagement cannot be held responsible for access by users via hypertext links set up as part of the website to other resources on the network.<\/p><p>Any dispute related to the use of the site \"amdt-demenagement.com\" is subject to French law. The user acknowledges the exclusive jurisdiction of the competent courts of Paris.<\/p><p>\u00a0<\/p><p>Cr\u00e9dits photos : Phovoir, Bulle Communication, AMDT<\/p>\t\t\t\t\t\t<\/div>\n\t\t\t\t<\/div>\n\t\t\t\t\t<\/div>\n\t\t<\/div>\n\t\t\t\t\t<\/div>\n\t\t<\/section>\n\t\t\t\t<\/div>","protected":false},"excerpt":{"rendered":"<p>1. Informations l\u00e9gales Conform\u00e9ment aux dispositions des articles 6-III et 19 de la loi pour la Confiance dans l&rsquo;\u00c9conomie Num\u00e9rique, nous vous informons que: Adresse de courrier \u00e9lectronique :\u00a0contact@amdt-demenagement.com\u00a0&#8211; T\u00e9l.\u00b7:\u00a0+33(0)5 53 20 24 24 Le directeur de la publication du site web \u00ab\u00a0amdt-demenagement.com\u00a0\u00bb est M. Antoine C\u00e9dric Le prestataire assurant le stockage direct et permanent [&hellip;]<\/p>","protected":false},"author":2,"featured_media":0,"parent":0,"menu_order":0,"comment_status":"closed","ping_status":"closed","template":"","meta":{"footnotes":""},"class_list":["post-6","page","type-page","status-publish","hentry"],"yoast_head":"<!-- This site is optimized with the Yoast SEO plugin v25.3 - https:\/\/yoast.com\/wordpress\/plugins\/seo\/ -->\n<title>Mentions l\u00e9gales - AMDT - D\u00e9m\u00e9nagement<\/title>\n<meta name=\"robots\" content=\"index, follow, max-snippet:-1, max-image-preview:large, max-video-preview:-1\" \/>\n<link rel=\"canonical\" href=\"https:\/\/amdt-demenagement.com\/en\/mentions-legales\/\" \/>\n<meta property=\"og:locale\" content=\"en_GB\" \/>\n<meta property=\"og:type\" content=\"article\" \/>\n<meta property=\"og:title\" content=\"Mentions l\u00e9gales - AMDT - D\u00e9m\u00e9nagement\" \/>\n<meta property=\"og:description\" content=\"1. Informations l\u00e9gales Conform\u00e9ment aux dispositions des articles 6-III et 19 de la loi pour la Confiance dans l&rsquo;\u00c9conomie Num\u00e9rique, nous vous informons que: Adresse de courrier \u00e9lectronique :\u00a0contact@amdt-demenagement.com\u00a0&#8211; T\u00e9l.\u00b7:\u00a0+33(0)5 53 20 24 24 Le directeur de la publication du site web \u00ab\u00a0amdt-demenagement.com\u00a0\u00bb est M. Antoine C\u00e9dric Le prestataire assurant le stockage direct et permanent [&hellip;]\" \/>\n<meta property=\"og:url\" content=\"https:\/\/amdt-demenagement.com\/en\/mentions-legales\/\" \/>\n<meta property=\"og:site_name\" content=\"AMDT - D\u00e9m\u00e9nagement\" \/>\n<meta property=\"article:modified_time\" content=\"2023-11-02T09:04:45+00:00\" \/>\n<meta name=\"twitter:card\" content=\"summary_large_image\" \/>\n<meta name=\"twitter:label1\" content=\"Estimated reading time\" \/>\n\t<meta name=\"twitter:data1\" content=\"5 minutes\" \/>\n<script type=\"application\/ld+json\" class=\"yoast-schema-graph\">{\"@context\":\"https:\/\/schema.org\",\"@graph\":[{\"@type\":\"WebPage\",\"@id\":\"https:\/\/amdt-demenagement.com\/mentions-legales\/\",\"url\":\"https:\/\/amdt-demenagement.com\/mentions-legales\/\",\"name\":\"Mentions l\u00e9gales - AMDT - D\u00e9m\u00e9nagement\",\"isPartOf\":{\"@id\":\"https:\/\/amdt-demenagement.com\/#website\"},\"datePublished\":\"2023-08-02T09:58:30+00:00\",\"dateModified\":\"2023-11-02T09:04:45+00:00\",\"inLanguage\":\"en-GB\",\"potentialAction\":[{\"@type\":\"ReadAction\",\"target\":[\"https:\/\/amdt-demenagement.com\/mentions-legales\/\"]}]},{\"@type\":\"WebSite\",\"@id\":\"https:\/\/amdt-demenagement.com\/#website\",\"url\":\"https:\/\/amdt-demenagement.com\/\",\"name\":\"AMDT - D\u00e9m\u00e9nagement\",\"description\":\"Sp\u00e9cialiste du d\u00e9m\u00e9nagement international dans le Lot et Garonne\",\"publisher\":{\"@id\":\"https:\/\/amdt-demenagement.com\/#organization\"},\"potentialAction\":[{\"@type\":\"SearchAction\",\"target\":{\"@type\":\"EntryPoint\",\"urlTemplate\":\"https:\/\/amdt-demenagement.com\/?s={search_term_string}\"},\"query-input\":{\"@type\":\"PropertyValueSpecification\",\"valueRequired\":true,\"valueName\":\"search_term_string\"}}],\"inLanguage\":\"en-GB\"},{\"@type\":\"Organization\",\"@id\":\"https:\/\/amdt-demenagement.com\/#organization\",\"name\":\"AMDT - D\u00e9m\u00e9nagement\",\"url\":\"https:\/\/amdt-demenagement.com\/\",\"logo\":{\"@type\":\"ImageObject\",\"inLanguage\":\"en-GB\",\"@id\":\"https:\/\/amdt-demenagement.com\/#\/schema\/logo\/image\/\",\"url\":\"https:\/\/amdt-demenagement.com\/wp-content\/uploads\/2023\/08\/amdt-white-color.png\",\"contentUrl\":\"https:\/\/amdt-demenagement.com\/wp-content\/uploads\/2023\/08\/amdt-white-color.png\",\"width\":251,\"height\":111,\"caption\":\"AMDT - D\u00e9m\u00e9nagement\"},\"image\":{\"@id\":\"https:\/\/amdt-demenagement.com\/#\/schema\/logo\/image\/\"}}]}<\/script>\n<!-- \/ Yoast SEO plugin. -->","yoast_head_json":{"title":"Mentions l\u00e9gales - AMDT - D\u00e9m\u00e9nagement","robots":{"index":"index","follow":"follow","max-snippet":"max-snippet:-1","max-image-preview":"max-image-preview:large","max-video-preview":"max-video-preview:-1"},"canonical":"https:\/\/amdt-demenagement.com\/en\/mentions-legales\/","og_locale":"en_GB","og_type":"article","og_title":"Mentions l\u00e9gales - AMDT - D\u00e9m\u00e9nagement","og_description":"1. Informations l\u00e9gales Conform\u00e9ment aux dispositions des articles 6-III et 19 de la loi pour la Confiance dans l&rsquo;\u00c9conomie Num\u00e9rique, nous vous informons que: Adresse de courrier \u00e9lectronique :\u00a0contact@amdt-demenagement.com\u00a0&#8211; T\u00e9l.\u00b7:\u00a0+33(0)5 53 20 24 24 Le directeur de la publication du site web \u00ab\u00a0amdt-demenagement.com\u00a0\u00bb est M. Antoine C\u00e9dric Le prestataire assurant le stockage direct et permanent [&hellip;]","og_url":"https:\/\/amdt-demenagement.com\/en\/mentions-legales\/","og_site_name":"AMDT - D\u00e9m\u00e9nagement","article_modified_time":"2023-11-02T09:04:45+00:00","twitter_card":"summary_large_image","twitter_misc":{"Estimated reading time":"5 minutes"},"schema":{"@context":"https:\/\/schema.org","@graph":[{"@type":"WebPage","@id":"https:\/\/amdt-demenagement.com\/mentions-legales\/","url":"https:\/\/amdt-demenagement.com\/mentions-legales\/","name":"Mentions l\u00e9gales - AMDT - D\u00e9m\u00e9nagement","isPartOf":{"@id":"https:\/\/amdt-demenagement.com\/#website"},"datePublished":"2023-08-02T09:58:30+00:00","dateModified":"2023-11-02T09:04:45+00:00","inLanguage":"en-GB","potentialAction":[{"@type":"ReadAction","target":["https:\/\/amdt-demenagement.com\/mentions-legales\/"]}]},{"@type":"WebSite","@id":"https:\/\/amdt-demenagement.com\/#website","url":"https:\/\/amdt-demenagement.com\/","name":"AMDT - D\u00e9m\u00e9nagement","description":"Sp\u00e9cialiste du d\u00e9m\u00e9nagement international dans le Lot et Garonne","publisher":{"@id":"https:\/\/amdt-demenagement.com\/#organization"},"potentialAction":[{"@type":"SearchAction","target":{"@type":"EntryPoint","urlTemplate":"https:\/\/amdt-demenagement.com\/?s={search_term_string}"},"query-input":{"@type":"PropertyValueSpecification","valueRequired":true,"valueName":"search_term_string"}}],"inLanguage":"en-GB"},{"@type":"Organization","@id":"https:\/\/amdt-demenagement.com\/#organization","name":"AMDT - D\u00e9m\u00e9nagement","url":"https:\/\/amdt-demenagement.com\/","logo":{"@type":"ImageObject","inLanguage":"en-GB","@id":"https:\/\/amdt-demenagement.com\/#\/schema\/logo\/image\/","url":"https:\/\/amdt-demenagement.com\/wp-content\/uploads\/2023\/08\/amdt-white-color.png","contentUrl":"https:\/\/amdt-demenagement.com\/wp-content\/uploads\/2023\/08\/amdt-white-color.png","width":251,"height":111,"caption":"AMDT - D\u00e9m\u00e9nagement"},"image":{"@id":"https:\/\/amdt-demenagement.com\/#\/schema\/logo\/image\/"}}]}},"_links":{"self":[{"href":"https:\/\/amdt-demenagement.com\/en\/wp-json\/wp\/v2\/pages\/6","targetHints":{"allow":["GET"]}}],"collection":[{"href":"https:\/\/amdt-demenagement.com\/en\/wp-json\/wp\/v2\/pages"}],"about":[{"href":"https:\/\/amdt-demenagement.com\/en\/wp-json\/wp\/v2\/types\/page"}],"author":[{"embeddable":true,"href":"https:\/\/amdt-demenagement.com\/en\/wp-json\/wp\/v2\/users\/2"}],"replies":[{"embeddable":true,"href":"https:\/\/amdt-demenagement.com\/en\/wp-json\/wp\/v2\/comments?post=6"}],"version-history":[{"count":8,"href":"https:\/\/amdt-demenagement.com\/en\/wp-json\/wp\/v2\/pages\/6\/revisions"}],"predecessor-version":[{"id":1589,"href":"https:\/\/amdt-demenagement.com\/en\/wp-json\/wp\/v2\/pages\/6\/revisions\/1589"}],"wp:attachment":[{"href":"https:\/\/amdt-demenagement.com\/en\/wp-json\/wp\/v2\/media?parent=6"}],"curies":[{"name":"wp","href":"https:\/\/api.w.org\/{rel}","templated":true}]}}