{"id":637,"date":"2023-10-09T15:41:48","date_gmt":"2023-10-09T13:41:48","guid":{"rendered":"https:\/\/amdt-demenagement.com\/?page_id=637"},"modified":"2023-11-30T16:49:25","modified_gmt":"2023-11-30T15:49:25","slug":"satisfaction-export-vf","status":"publish","type":"page","link":"https:\/\/amdt-demenagement.com\/en\/satisfaction-export-vf\/","title":{"rendered":"Satisfaction Export VF"},"content":{"rendered":"<div data-elementor-type=\"wp-page\" data-elementor-id=\"637\" class=\"elementor elementor-637\" data-elementor-post-type=\"page\">\n\t\t\t\t\t\t<section class=\"elementor-section elementor-top-section elementor-element elementor-element-c45dd3b elementor-section-boxed elementor-section-height-default elementor-section-height-default\" data-id=\"c45dd3b\" data-element_type=\"section\">\n\t\t\t\t\t\t<div class=\"elementor-container elementor-column-gap-default\">\n\t\t\t\t\t<div class=\"elementor-column elementor-col-100 elementor-top-column elementor-element elementor-element-5b4dd80\" data-id=\"5b4dd80\" data-element_type=\"column\">\n\t\t\t<div class=\"elementor-widget-wrap elementor-element-populated\">\n\t\t\t\t\t\t<div class=\"elementor-element elementor-element-faea26b elementor-widget elementor-widget-html\" data-id=\"faea26b\" data-element_type=\"widget\" data-widget_type=\"html.default\">\n\t\t\t\t<div class=\"elementor-widget-container\">\n\t\t\t<iframe src=\"https:\/\/docs.google.com\/forms\/d\/e\/1FAIpQLSdjzlhU6FB4UQajKmnBGuxRIrSk5QLyWo3QN7qsFDO01z_0lA\/viewform?embedded=true\" width=\"640\" height=\"3000\" frameborder=\"0\" marginheight=\"0\" marginwidth=\"0\">Chargement\u2026<\/iframe>\t\t<\/div>\n\t\t\t\t<\/div>\n\t\t\t\t\t<\/div>\n\t\t<\/div>\n\t\t\t\t\t<\/div>\n\t\t<\/section>\n\t\t\t\t<\/div>","protected":false},"excerpt":{"rendered":"<p>Chargement\u2026<\/p>","protected":false},"author":2,"featured_media":0,"parent":0,"menu_order":0,"comment_status":"closed","ping_status":"closed","template":"","meta":{"footnotes":""},"class_list":["post-637","page","type-page","status-publish","hentry"],"yoast_head":"<!-- This site is optimized with the Yoast SEO plugin v25.3 - https:\/\/yoast.com\/wordpress\/plugins\/seo\/ -->\n<title>Satisfaction Export VF - AMDT - D\u00e9m\u00e9nagement<\/title>\n<meta name=\"robots\" content=\"index, follow, max-snippet:-1, max-image-preview:large, max-video-preview:-1\" \/>\n<link rel=\"canonical\" href=\"https:\/\/amdt-demenagement.com\/en\/satisfaction-export-vf\/\" \/>\n<meta property=\"og:locale\" content=\"en_GB\" \/>\n<meta property=\"og:type\" content=\"article\" \/>\n<meta property=\"og:title\" content=\"Satisfaction Export VF - AMDT - D\u00e9m\u00e9nagement\" \/>\n<meta property=\"og:description\" content=\"Chargement\u2026\" \/>\n<meta property=\"og:url\" content=\"https:\/\/amdt-demenagement.com\/en\/satisfaction-export-vf\/\" \/>\n<meta property=\"og:site_name\" content=\"AMDT - D\u00e9m\u00e9nagement\" \/>\n<meta property=\"article:modified_time\" content=\"2023-11-30T15:49:25+00:00\" \/>\n<meta name=\"twitter:card\" content=\"summary_large_image\" \/>\n<meta name=\"twitter:label1\" content=\"Estimated reading time\" \/>\n\t<meta name=\"twitter:data1\" content=\"1 minute\" \/>\n<script type=\"application\/ld+json\" class=\"yoast-schema-graph\">{\"@context\":\"https:\/\/schema.org\",\"@graph\":[{\"@type\":\"WebPage\",\"@id\":\"https:\/\/amdt-demenagement.com\/satisfaction-export-vf\/\",\"url\":\"https:\/\/amdt-demenagement.com\/satisfaction-export-vf\/\",\"name\":\"Satisfaction Export VF - AMDT - D\u00e9m\u00e9nagement\",\"isPartOf\":{\"@id\":\"https:\/\/amdt-demenagement.com\/#website\"},\"datePublished\":\"2023-10-09T13:41:48+00:00\",\"dateModified\":\"2023-11-30T15:49:25+00:00\",\"inLanguage\":\"en-GB\",\"potentialAction\":[{\"@type\":\"ReadAction\",\"target\":[\"https:\/\/amdt-demenagement.com\/satisfaction-export-vf\/\"]}]},{\"@type\":\"WebSite\",\"@id\":\"https:\/\/amdt-demenagement.com\/#website\",\"url\":\"https:\/\/amdt-demenagement.com\/\",\"name\":\"AMDT - D\u00e9m\u00e9nagement\",\"description\":\"Sp\u00e9cialiste du d\u00e9m\u00e9nagement international dans le Lot et Garonne\",\"publisher\":{\"@id\":\"https:\/\/amdt-demenagement.com\/#organization\"},\"potentialAction\":[{\"@type\":\"SearchAction\",\"target\":{\"@type\":\"EntryPoint\",\"urlTemplate\":\"https:\/\/amdt-demenagement.com\/?s={search_term_string}\"},\"query-input\":{\"@type\":\"PropertyValueSpecification\",\"valueRequired\":true,\"valueName\":\"search_term_string\"}}],\"inLanguage\":\"en-GB\"},{\"@type\":\"Organization\",\"@id\":\"https:\/\/amdt-demenagement.com\/#organization\",\"name\":\"AMDT - D\u00e9m\u00e9nagement\",\"url\":\"https:\/\/amdt-demenagement.com\/\",\"logo\":{\"@type\":\"ImageObject\",\"inLanguage\":\"en-GB\",\"@id\":\"https:\/\/amdt-demenagement.com\/#\/schema\/logo\/image\/\",\"url\":\"https:\/\/amdt-demenagement.com\/wp-content\/uploads\/2023\/08\/amdt-white-color.png\",\"contentUrl\":\"https:\/\/amdt-demenagement.com\/wp-content\/uploads\/2023\/08\/amdt-white-color.png\",\"width\":251,\"height\":111,\"caption\":\"AMDT - D\u00e9m\u00e9nagement\"},\"image\":{\"@id\":\"https:\/\/amdt-demenagement.com\/#\/schema\/logo\/image\/\"}}]}<\/script>\n<!-- \/ Yoast SEO plugin. -->","yoast_head_json":{"title":"Satisfaction Export VF - AMDT - D\u00e9m\u00e9nagement","robots":{"index":"index","follow":"follow","max-snippet":"max-snippet:-1","max-image-preview":"max-image-preview:large","max-video-preview":"max-video-preview:-1"},"canonical":"https:\/\/amdt-demenagement.com\/en\/satisfaction-export-vf\/","og_locale":"en_GB","og_type":"article","og_title":"Satisfaction Export VF - AMDT - D\u00e9m\u00e9nagement","og_description":"Chargement\u2026","og_url":"https:\/\/amdt-demenagement.com\/en\/satisfaction-export-vf\/","og_site_name":"AMDT - D\u00e9m\u00e9nagement","article_modified_time":"2023-11-30T15:49:25+00:00","twitter_card":"summary_large_image","twitter_misc":{"Estimated reading time":"1 minute"},"schema":{"@context":"https:\/\/schema.org","@graph":[{"@type":"WebPage","@id":"https:\/\/amdt-demenagement.com\/satisfaction-export-vf\/","url":"https:\/\/amdt-demenagement.com\/satisfaction-export-vf\/","name":"Satisfaction Export VF - AMDT - D\u00e9m\u00e9nagement","isPartOf":{"@id":"https:\/\/amdt-demenagement.com\/#website"},"datePublished":"2023-10-09T13:41:48+00:00","dateModified":"2023-11-30T15:49:25+00:00","inLanguage":"en-GB","potentialAction":[{"@type":"ReadAction","target":["https:\/\/amdt-demenagement.com\/satisfaction-export-vf\/"]}]},{"@type":"WebSite","@id":"https:\/\/amdt-demenagement.com\/#website","url":"https:\/\/amdt-demenagement.com\/","name":"AMDT - D\u00e9m\u00e9nagement","description":"Sp\u00e9cialiste du d\u00e9m\u00e9nagement international dans le Lot et Garonne","publisher":{"@id":"https:\/\/amdt-demenagement.com\/#organization"},"potentialAction":[{"@type":"SearchAction","target":{"@type":"EntryPoint","urlTemplate":"https:\/\/amdt-demenagement.com\/?s={search_term_string}"},"query-input":{"@type":"PropertyValueSpecification","valueRequired":true,"valueName":"search_term_string"}}],"inLanguage":"en-GB"},{"@type":"Organization","@id":"https:\/\/amdt-demenagement.com\/#organization","name":"AMDT - D\u00e9m\u00e9nagement","url":"https:\/\/amdt-demenagement.com\/","logo":{"@type":"ImageObject","inLanguage":"en-GB","@id":"https:\/\/amdt-demenagement.com\/#\/schema\/logo\/image\/","url":"https:\/\/amdt-demenagement.com\/wp-content\/uploads\/2023\/08\/amdt-white-color.png","contentUrl":"https:\/\/amdt-demenagement.com\/wp-content\/uploads\/2023\/08\/amdt-white-color.png","width":251,"height":111,"caption":"AMDT - D\u00e9m\u00e9nagement"},"image":{"@id":"https:\/\/amdt-demenagement.com\/#\/schema\/logo\/image\/"}}]}},"_links":{"self":[{"href":"https:\/\/amdt-demenagement.com\/en\/wp-json\/wp\/v2\/pages\/637","targetHints":{"allow":["GET"]}}],"collection":[{"href":"https:\/\/amdt-demenagement.com\/en\/wp-json\/wp\/v2\/pages"}],"about":[{"href":"https:\/\/amdt-demenagement.com\/en\/wp-json\/wp\/v2\/types\/page"}],"author":[{"embeddable":true,"href":"https:\/\/amdt-demenagement.com\/en\/wp-json\/wp\/v2\/users\/2"}],"replies":[{"embeddable":true,"href":"https:\/\/amdt-demenagement.com\/en\/wp-json\/wp\/v2\/comments?post=637"}],"version-history":[{"count":4,"href":"https:\/\/amdt-demenagement.com\/en\/wp-json\/wp\/v2\/pages\/637\/revisions"}],"predecessor-version":[{"id":1847,"href":"https:\/\/amdt-demenagement.com\/en\/wp-json\/wp\/v2\/pages\/637\/revisions\/1847"}],"wp:attachment":[{"href":"https:\/\/amdt-demenagement.com\/en\/wp-json\/wp\/v2\/media?parent=637"}],"curies":[{"name":"wp","href":"https:\/\/api.w.org\/{rel}","templated":true}]}}